{"id":71,"date":"2023-05-01T12:25:54","date_gmt":"2023-05-01T16:25:54","guid":{"rendered":"https:\/\/web-recyc.com\/?page_id=71"},"modified":"2025-07-21T19:46:04","modified_gmt":"2025-07-21T23:46:04","slug":"a-propos-de-nous","status":"publish","type":"page","link":"https:\/\/web-recyc.com\/en\/a-propos-de-nous\/","title":{"rendered":"\u00c0 propos de nous"},"content":{"rendered":"<div data-elementor-type=\"wp-page\" data-elementor-id=\"71\" class=\"elementor elementor-71\" data-elementor-post-type=\"page\">\n\t\t\t\t\t\t<section class=\"elementor-section elementor-top-section elementor-element elementor-element-521f814 elementor-section-stretched elementor-section-boxed elementor-section-height-default elementor-section-height-default\" data-id=\"521f814\" data-element_type=\"section\" data-settings=\"{&quot;stretch_section&quot;:&quot;section-stretched&quot;,&quot;background_background&quot;:&quot;classic&quot;}\">\n\t\t\t\t\t\t<div class=\"elementor-container elementor-column-gap-default\">\n\t\t\t\t\t<div class=\"elementor-column elementor-col-100 elementor-top-column elementor-element elementor-element-bd1f670\" data-id=\"bd1f670\" data-element_type=\"column\">\n\t\t\t<div class=\"elementor-widget-wrap elementor-element-populated\">\n\t\t\t\t\t\t<section class=\"elementor-section elementor-inner-section elementor-element elementor-element-654c560 elementor-section-boxed elementor-section-height-default elementor-section-height-default\" data-id=\"654c560\" data-element_type=\"section\">\n\t\t\t\t\t\t<div class=\"elementor-container elementor-column-gap-default\">\n\t\t\t\t\t<div class=\"elementor-column elementor-col-100 elementor-inner-column elementor-element elementor-element-c9d2687\" data-id=\"c9d2687\" data-element_type=\"column\">\n\t\t\t<div class=\"elementor-widget-wrap elementor-element-populated\">\n\t\t\t\t\t\t<div class=\"elementor-element elementor-element-01827b5 elementor-widget elementor-widget-heading\" data-id=\"01827b5\" data-element_type=\"widget\" data-widget_type=\"heading.default\">\n\t\t\t\t<div class=\"elementor-widget-container\">\n\t\t\t\t\t<h1 class=\"elementor-heading-title elementor-size-default\">ABOUT US<\/h1>\t\t\t\t<\/div>\n\t\t\t\t<\/div>\n\t\t\t\t<div class=\"elementor-element elementor-element-94c1d8b elementor-widget-divider--view-line elementor-widget elementor-widget-divider\" data-id=\"94c1d8b\" data-element_type=\"widget\" data-widget_type=\"divider.default\">\n\t\t\t\t<div class=\"elementor-widget-container\">\n\t\t\t\t\t\t\t<div class=\"elementor-divider\">\n\t\t\t<span class=\"elementor-divider-separator\">\n\t\t\t\t\t\t<\/span>\n\t\t<\/div>\n\t\t\t\t\t\t<\/div>\n\t\t\t\t<\/div>\n\t\t\t\t<div class=\"elementor-element elementor-element-270ab76 elementor-widget elementor-widget-text-editor\" data-id=\"270ab76\" data-element_type=\"widget\" data-widget_type=\"text-editor.default\">\n\t\t\t\t<div class=\"elementor-widget-container\">\n\t\t\t\t\t\t\t\t\t<p>WEB-RECYC is an innovative company in the field of upgrading bricks and technology.<\/p><p>Our unique transactional platform, allows matching between a <span style=\"color: #339966;\"><strong>DONOR<\/strong><\/span> and a <span style=\"color: #339966;\"><strong>BUYER<\/strong>.\u00a0<span style=\"color: #000000;\">We value the eco-responsible consumption and recycling of bricks from the field of contruction, each <strong><span style=\"color: #339966;\">DONOR<\/span><\/strong> recevra un re\u00e7u d&rsquo;imp\u00f4t pour son <strong><span style=\"color: #339966;\">gift of brick<\/span><\/strong>.\u00a0<\/span><\/span><\/p><p>We serve the Montreal area and the surrounding area. WEB-RECYC also offers the appropriate box service for the recovery of your bricks as well as the transport service according to your needs.<\/p>\t\t\t\t\t\t\t\t<\/div>\n\t\t\t\t<\/div>\n\t\t\t\t\t<\/div>\n\t\t<\/div>\n\t\t\t\t\t<\/div>\n\t\t<\/section>\n\t\t\t\t<div class=\"elementor-element elementor-element-cf49bc4 elementor-widget elementor-widget-heading\" data-id=\"cf49bc4\" data-element_type=\"widget\" data-widget_type=\"heading.default\">\n\t\t\t\t<div class=\"elementor-widget-container\">\n\t\t\t\t\t<h2 class=\"elementor-heading-title elementor-size-large\">We value the nobility of bricks!<\/h2>\t\t\t\t<\/div>\n\t\t\t\t<\/div>\n\t\t\t\t\t<\/div>\n\t\t<\/div>\n\t\t\t\t\t<\/div>\n\t\t<\/section>\n\t\t\t\t<section class=\"elementor-section elementor-top-section elementor-element elementor-element-e24bbd6 elementor-section-stretched elementor-section-boxed elementor-section-height-default elementor-section-height-default\" data-id=\"e24bbd6\" data-element_type=\"section\" data-settings=\"{&quot;stretch_section&quot;:&quot;section-stretched&quot;,&quot;background_background&quot;:&quot;classic&quot;}\">\n\t\t\t\t\t\t<div class=\"elementor-container elementor-column-gap-default\">\n\t\t\t\t\t<div class=\"elementor-column elementor-col-100 elementor-top-column elementor-element elementor-element-db0d416\" data-id=\"db0d416\" data-element_type=\"column\">\n\t\t\t<div class=\"elementor-widget-wrap elementor-element-populated\">\n\t\t\t\t\t\t<div class=\"elementor-element elementor-element-841e65a elementor-widget elementor-widget-image\" data-id=\"841e65a\" data-element_type=\"widget\" data-widget_type=\"image.default\">\n\t\t\t\t<div class=\"elementor-widget-container\">\n\t\t\t\t\t\t\t\t\t\t\t\t\t\t\t<img decoding=\"async\" width=\"271\" height=\"149\" src=\"https:\/\/web-recyc.com\/wp-content\/uploads\/2023\/06\/WebRecyc-fond-noir.png\" class=\"attachment-large size-large wp-image-1173\" alt=\"LOGO WEB-RECYC\" srcset=\"https:\/\/web-recyc.com\/wp-content\/uploads\/2023\/06\/WebRecyc-fond-noir.png 271w, https:\/\/web-recyc.com\/wp-content\/uploads\/2023\/06\/WebRecyc-fond-noir-18x10.png 18w\" sizes=\"(max-width: 271px) 100vw, 271px\" \/>\t\t\t\t\t\t\t\t\t\t\t\t\t\t\t<\/div>\n\t\t\t\t<\/div>\n\t\t\t\t\t<\/div>\n\t\t<\/div>\n\t\t\t\t\t<\/div>\n\t\t<\/section>\n\t\t\t\t<section class=\"elementor-section elementor-top-section elementor-element elementor-element-41a1812 elementor-section-stretched elementor-section-boxed elementor-section-height-default elementor-section-height-default\" data-id=\"41a1812\" data-element_type=\"section\" data-settings=\"{&quot;stretch_section&quot;:&quot;section-stretched&quot;,&quot;background_background&quot;:&quot;classic&quot;}\">\n\t\t\t\t\t\t<div class=\"elementor-container elementor-column-gap-default\">\n\t\t\t\t\t<div class=\"elementor-column elementor-col-100 elementor-top-column elementor-element elementor-element-184c00e\" data-id=\"184c00e\" data-element_type=\"column\">\n\t\t\t<div class=\"elementor-widget-wrap elementor-element-populated\">\n\t\t\t\t\t\t<section class=\"elementor-section elementor-inner-section elementor-element elementor-element-2be25db elementor-section-boxed elementor-section-height-default elementor-section-height-default\" data-id=\"2be25db\" data-element_type=\"section\">\n\t\t\t\t\t\t<div class=\"elementor-container elementor-column-gap-default\">\n\t\t\t\t\t<div class=\"elementor-column elementor-col-100 elementor-inner-column elementor-element elementor-element-e40879d\" data-id=\"e40879d\" data-element_type=\"column\">\n\t\t\t<div class=\"elementor-widget-wrap elementor-element-populated\">\n\t\t\t\t\t\t<div class=\"elementor-element elementor-element-59a77d2 elementor-widget elementor-widget-heading\" data-id=\"59a77d2\" data-element_type=\"widget\" data-widget_type=\"heading.default\">\n\t\t\t\t<div class=\"elementor-widget-container\">\n\t\t\t\t\t<h1 class=\"elementor-heading-title elementor-size-default\">OUR MISSION<\/h1>\t\t\t\t<\/div>\n\t\t\t\t<\/div>\n\t\t\t\t<div class=\"elementor-element elementor-element-fe5e868 elementor-widget-divider--view-line elementor-widget elementor-widget-divider\" data-id=\"fe5e868\" data-element_type=\"widget\" data-widget_type=\"divider.default\">\n\t\t\t\t<div class=\"elementor-widget-container\">\n\t\t\t\t\t\t\t<div class=\"elementor-divider\">\n\t\t\t<span class=\"elementor-divider-separator\">\n\t\t\t\t\t\t<\/span>\n\t\t<\/div>\n\t\t\t\t\t\t<\/div>\n\t\t\t\t<\/div>\n\t\t\t\t<div class=\"elementor-element elementor-element-e513408 elementor-widget elementor-widget-text-editor\" data-id=\"e513408\" data-element_type=\"widget\" data-widget_type=\"text-editor.default\">\n\t\t\t\t<div class=\"elementor-widget-container\">\n\t\t\t\t\t\t\t\t\t<p>The mission of <strong>WEB-RECYC<\/strong> is to give brick a second life, a noble building material with unique characteristics, thermal capacity and exceptional durability.<\/p><p>We offer a unique and effective experience to our donor and buyer clients with whom our ecological and eco-responsible values resonate.<\/p>\t\t\t\t\t\t\t\t<\/div>\n\t\t\t\t<\/div>\n\t\t\t\t\t<\/div>\n\t\t<\/div>\n\t\t\t\t\t<\/div>\n\t\t<\/section>\n\t\t\t\t<section class=\"elementor-section elementor-inner-section elementor-element elementor-element-7f9b5dc elementor-section-boxed elementor-section-height-default elementor-section-height-default\" data-id=\"7f9b5dc\" data-element_type=\"section\">\n\t\t\t\t\t\t<div class=\"elementor-container elementor-column-gap-default\">\n\t\t\t\t\t<div class=\"elementor-column elementor-col-100 elementor-inner-column elementor-element elementor-element-8c8b171\" data-id=\"8c8b171\" data-element_type=\"column\">\n\t\t\t<div class=\"elementor-widget-wrap elementor-element-populated\">\n\t\t\t\t\t\t<div class=\"elementor-element elementor-element-6d5197c elementor-widget elementor-widget-image\" data-id=\"6d5197c\" data-element_type=\"widget\" data-widget_type=\"image.default\">\n\t\t\t\t<div class=\"elementor-widget-container\">\n\t\t\t\t\t\t\t\t\t\t\t\t\t\t\t<img decoding=\"async\" width=\"300\" height=\"151\" src=\"https:\/\/web-recyc.com\/wp-content\/uploads\/2023\/06\/Logo-ASFQ_coul_fr_en_cmyk-01-300x151.png\" class=\"attachment-medium size-medium wp-image-1524\" alt=\"\" srcset=\"https:\/\/web-recyc.com\/wp-content\/uploads\/2023\/06\/Logo-ASFQ_coul_fr_en_cmyk-01-300x151.png 300w, https:\/\/web-recyc.com\/wp-content\/uploads\/2023\/06\/Logo-ASFQ_coul_fr_en_cmyk-01-1024x517.png 1024w, https:\/\/web-recyc.com\/wp-content\/uploads\/2023\/06\/Logo-ASFQ_coul_fr_en_cmyk-01-768x387.png 768w, https:\/\/web-recyc.com\/wp-content\/uploads\/2023\/06\/Logo-ASFQ_coul_fr_en_cmyk-01-1536x775.png 1536w, https:\/\/web-recyc.com\/wp-content\/uploads\/2023\/06\/Logo-ASFQ_coul_fr_en_cmyk-01-2048x1033.png 2048w, https:\/\/web-recyc.com\/wp-content\/uploads\/2023\/06\/Logo-ASFQ_coul_fr_en_cmyk-01-18x9.png 18w, https:\/\/web-recyc.com\/wp-content\/uploads\/2023\/06\/Logo-ASFQ_coul_fr_en_cmyk-01-600x303.png 600w\" sizes=\"(max-width: 300px) 100vw, 300px\" \/>\t\t\t\t\t\t\t\t\t\t\t\t\t\t\t<\/div>\n\t\t\t\t<\/div>\n\t\t\t\t\t<\/div>\n\t\t<\/div>\n\t\t\t\t\t<\/div>\n\t\t<\/section>\n\t\t\t\t<section class=\"elementor-section elementor-inner-section elementor-element elementor-element-9234fbd elementor-section-boxed elementor-section-height-default elementor-section-height-default\" data-id=\"9234fbd\" data-element_type=\"section\">\n\t\t\t\t\t\t<div class=\"elementor-container elementor-column-gap-default\">\n\t\t\t\t\t<div class=\"elementor-column elementor-col-100 elementor-inner-column elementor-element elementor-element-8c6ed84\" data-id=\"8c6ed84\" data-element_type=\"column\">\n\t\t\t<div class=\"elementor-widget-wrap elementor-element-populated\">\n\t\t\t\t\t\t<div class=\"elementor-element elementor-element-6553f1d elementor-widget elementor-widget-heading\" data-id=\"6553f1d\" data-element_type=\"widget\" data-widget_type=\"heading.default\">\n\t\t\t\t<div class=\"elementor-widget-container\">\n\t\t\t\t\t<h1 class=\"elementor-heading-title elementor-size-default\">I want to know more about WEB-RECYC services!<\/h1>\t\t\t\t<\/div>\n\t\t\t\t<\/div>\n\t\t\t\t\t<\/div>\n\t\t<\/div>\n\t\t\t\t\t<\/div>\n\t\t<\/section>\n\t\t\t\t<div class=\"elementor-element elementor-element-d4b13de elementor-align-center elementor-widget elementor-widget-button\" data-id=\"d4b13de\" data-element_type=\"widget\" data-widget_type=\"button.default\">\n\t\t\t\t<div class=\"elementor-widget-container\">\n\t\t\t\t\t\t\t\t\t<div class=\"elementor-button-wrapper\">\n\t\t\t\t\t<a class=\"elementor-button elementor-button-link elementor-size-xl\" href=\"\/en\/contact\/\">\n\t\t\t\t\t\t<span class=\"elementor-button-content-wrapper\">\n\t\t\t\t\t\t\t\t\t<span class=\"elementor-button-text\">CONTACT US<\/span>\n\t\t\t\t\t<\/span>\n\t\t\t\t\t<\/a>\n\t\t\t\t<\/div>\n\t\t\t\t\t\t\t\t<\/div>\n\t\t\t\t<\/div>\n\t\t\t\t\t<\/div>\n\t\t<\/div>\n\t\t\t\t\t<\/div>\n\t\t<\/section>\n\t\t\t\t<section class=\"elementor-section elementor-top-section elementor-element elementor-element-233a02b elementor-section-stretched elementor-section-boxed elementor-section-height-default elementor-section-height-default\" data-id=\"233a02b\" data-element_type=\"section\" data-settings=\"{&quot;stretch_section&quot;:&quot;section-stretched&quot;,&quot;background_background&quot;:&quot;classic&quot;}\">\n\t\t\t\t\t\t<div class=\"elementor-container elementor-column-gap-default\">\n\t\t\t\t\t<div class=\"elementor-column elementor-col-100 elementor-top-column elementor-element elementor-element-2558589\" data-id=\"2558589\" data-element_type=\"column\">\n\t\t\t<div class=\"elementor-widget-wrap\">\n\t\t\t\t\t\t\t<\/div>\n\t\t<\/div>\n\t\t\t\t\t<\/div>\n\t\t<\/section>\n\t\t\t\t<\/div>","protected":false},"excerpt":{"rendered":"<p>\u00c0 PROPOS DE NOUS WEB-RECYC est une entreprise innovante dans le domaine de la revalorisation des briques et de la technologie. Notre plateforme transactionnelle unique, permet le jumelage entre un DONATEUR et un ACHETEUR.\u00a0Nous valorisons la consommation \u00e9coresponsable et le recyclage des briques issues du domaine de la construction, chaque DONATEUR recevra un re\u00e7u d&rsquo;imp\u00f4t [&hellip;]<\/p>","protected":false},"author":1,"featured_media":47,"parent":0,"menu_order":0,"comment_status":"closed","ping_status":"closed","template":"","meta":{"ocean_post_layout":"","ocean_both_sidebars_style":"","ocean_both_sidebars_content_width":0,"ocean_both_sidebars_sidebars_width":0,"ocean_sidebar":"","ocean_second_sidebar":"","ocean_disable_margins":"enable","ocean_add_body_class":"","ocean_shortcode_before_top_bar":"","ocean_shortcode_after_top_bar":"","ocean_shortcode_before_header":"","ocean_shortcode_after_header":"","ocean_has_shortcode":"","ocean_shortcode_after_title":"","ocean_shortcode_before_footer_widgets":"","ocean_shortcode_after_footer_widgets":"","ocean_shortcode_before_footer_bottom":"","ocean_shortcode_after_footer_bottom":"","ocean_display_top_bar":"default","ocean_display_header":"default","ocean_header_style":"","ocean_center_header_left_menu":"","ocean_custom_header_template":"","ocean_custom_logo":0,"ocean_custom_retina_logo":0,"ocean_custom_logo_max_width":0,"ocean_custom_logo_tablet_max_width":0,"ocean_custom_logo_mobile_max_width":0,"ocean_custom_logo_max_height":0,"ocean_custom_logo_tablet_max_height":0,"ocean_custom_logo_mobile_max_height":0,"ocean_header_custom_menu":"","ocean_menu_typo_font_family":"","ocean_menu_typo_font_subset":"","ocean_menu_typo_font_size":0,"ocean_menu_typo_font_size_tablet":0,"ocean_menu_typo_font_size_mobile":0,"ocean_menu_typo_font_size_unit":"px","ocean_menu_typo_font_weight":"","ocean_menu_typo_font_weight_tablet":"","ocean_menu_typo_font_weight_mobile":"","ocean_menu_typo_transform":"","ocean_menu_typo_transform_tablet":"","ocean_menu_typo_transform_mobile":"","ocean_menu_typo_line_height":0,"ocean_menu_typo_line_height_tablet":0,"ocean_menu_typo_line_height_mobile":0,"ocean_menu_typo_line_height_unit":"","ocean_menu_typo_spacing":0,"ocean_menu_typo_spacing_tablet":0,"ocean_menu_typo_spacing_mobile":0,"ocean_menu_typo_spacing_unit":"","ocean_menu_link_color":"","ocean_menu_link_color_hover":"","ocean_menu_link_color_active":"","ocean_menu_link_background":"","ocean_menu_link_hover_background":"","ocean_menu_link_active_background":"","ocean_menu_social_links_bg":"","ocean_menu_social_hover_links_bg":"","ocean_menu_social_links_color":"","ocean_menu_social_hover_links_color":"","ocean_disable_title":"default","ocean_disable_heading":"default","ocean_post_title":"","ocean_post_subheading":"","ocean_post_title_style":"","ocean_post_title_background_color":"","ocean_post_title_background":0,"ocean_post_title_bg_image_position":"","ocean_post_title_bg_image_attachment":"","ocean_post_title_bg_image_repeat":"","ocean_post_title_bg_image_size":"","ocean_post_title_height":0,"ocean_post_title_bg_overlay":0.5,"ocean_post_title_bg_overlay_color":"","ocean_disable_breadcrumbs":"default","ocean_breadcrumbs_color":"","ocean_breadcrumbs_separator_color":"","ocean_breadcrumbs_links_color":"","ocean_breadcrumbs_links_hover_color":"","ocean_display_footer_widgets":"default","ocean_display_footer_bottom":"default","ocean_custom_footer_template":"","footnotes":""},"class_list":["post-71","page","type-page","status-publish","has-post-thumbnail","hentry","entry","has-media","owp-thumbs-layout-horizontal","owp-btn-normal","owp-tabs-layout-horizontal","has-no-thumbnails","has-product-nav"],"yoast_head":"<!-- This site is optimized with the Yoast SEO plugin v24.2 - https:\/\/yoast.com\/wordpress\/plugins\/seo\/ -->\n<title>\u00c0 propos de nous - Web-Recyc - Revalorisation des briques<\/title>\n<meta name=\"description\" content=\"WEB-RECYC est une entreprise innovante dans le domaine de la revalorisation des briques et de la technologie.\" \/>\n<meta name=\"robots\" content=\"index, follow, max-snippet:-1, max-image-preview:large, max-video-preview:-1\" \/>\n<link rel=\"canonical\" href=\"https:\/\/web-recyc.com\/en\/a-propos-de-nous\/\" \/>\n<meta property=\"og:locale\" content=\"en_US\" \/>\n<meta property=\"og:type\" content=\"article\" \/>\n<meta property=\"og:title\" content=\"REVALORISATION DES BRIQUES\" \/>\n<meta property=\"og:description\" content=\"WEB-RECYC est une entreprise innovante dans le domaine de la revalorisation des briques et de la technologie\" \/>\n<meta property=\"og:url\" content=\"https:\/\/web-recyc.com\/en\/a-propos-de-nous\/\" \/>\n<meta property=\"og:site_name\" content=\"Web-Recyc\" \/>\n<meta property=\"article:publisher\" content=\"https:\/\/www.facebook.com\/web.recyc\" \/>\n<meta property=\"article:modified_time\" content=\"2025-07-21T23:46:04+00:00\" \/>\n<meta property=\"og:image\" content=\"https:\/\/web-recyc.com\/wp-content\/uploads\/2023\/05\/03_WR_P_noircoul.png\" \/>\n\t<meta property=\"og:image:width\" content=\"1713\" \/>\n\t<meta property=\"og:image:height\" content=\"808\" \/>\n\t<meta property=\"og:image:type\" content=\"image\/png\" \/>\n<meta name=\"twitter:card\" content=\"summary_large_image\" \/>\n<meta name=\"twitter:title\" content=\"REVALORISATION DES BRIQUES\" \/>\n<meta name=\"twitter:description\" content=\"WEB-RECYC est une entreprise innovante dans le domaine de la revalorisation des briques et de la technologie\" \/>\n<meta name=\"twitter:image\" content=\"https:\/\/web-recyc.com\/wp-content\/uploads\/2023\/05\/03_WR_P_noircoul.png\" \/>\n<meta name=\"twitter:label1\" content=\"Est. reading time\" \/>\n\t<meta name=\"twitter:data1\" content=\"2 minutes\" \/>\n<script type=\"application\/ld+json\" class=\"yoast-schema-graph\">{\"@context\":\"https:\/\/schema.org\",\"@graph\":[{\"@type\":\"WebPage\",\"@id\":\"https:\/\/web-recyc.com\/a-propos-de-nous\/\",\"url\":\"https:\/\/web-recyc.com\/a-propos-de-nous\/\",\"name\":\"\u00c0 propos de nous - Web-Recyc - Revalorisation des briques\",\"isPartOf\":{\"@id\":\"https:\/\/web-recyc.com\/#website\"},\"primaryImageOfPage\":{\"@id\":\"https:\/\/web-recyc.com\/a-propos-de-nous\/#primaryimage\"},\"image\":{\"@id\":\"https:\/\/web-recyc.com\/a-propos-de-nous\/#primaryimage\"},\"thumbnailUrl\":\"https:\/\/web-recyc.com\/wp-content\/uploads\/2023\/05\/don-de-brique.png\",\"datePublished\":\"2023-05-01T16:25:54+00:00\",\"dateModified\":\"2025-07-21T23:46:04+00:00\",\"description\":\"WEB-RECYC est une entreprise innovante dans le domaine de la revalorisation des briques et de la technologie.\",\"breadcrumb\":{\"@id\":\"https:\/\/web-recyc.com\/a-propos-de-nous\/#breadcrumb\"},\"inLanguage\":\"en-CA\",\"potentialAction\":[{\"@type\":\"ReadAction\",\"target\":[\"https:\/\/web-recyc.com\/a-propos-de-nous\/\"]}]},{\"@type\":\"ImageObject\",\"inLanguage\":\"en-CA\",\"@id\":\"https:\/\/web-recyc.com\/a-propos-de-nous\/#primaryimage\",\"url\":\"https:\/\/web-recyc.com\/wp-content\/uploads\/2023\/05\/don-de-brique.png\",\"contentUrl\":\"https:\/\/web-recyc.com\/wp-content\/uploads\/2023\/05\/don-de-brique.png\",\"width\":146,\"height\":148},{\"@type\":\"BreadcrumbList\",\"@id\":\"https:\/\/web-recyc.com\/a-propos-de-nous\/#breadcrumb\",\"itemListElement\":[{\"@type\":\"ListItem\",\"position\":1,\"name\":\"Accueil\",\"item\":\"https:\/\/web-recyc.com\/\"},{\"@type\":\"ListItem\",\"position\":2,\"name\":\"\u00c0 propos de nous\"}]},{\"@type\":\"WebSite\",\"@id\":\"https:\/\/web-recyc.com\/#website\",\"url\":\"https:\/\/web-recyc.com\/\",\"name\":\"Web-Recyc\",\"description\":\"Une brique, un geste, un impact !\",\"publisher\":{\"@id\":\"https:\/\/web-recyc.com\/#organization\"},\"potentialAction\":[{\"@type\":\"SearchAction\",\"target\":{\"@type\":\"EntryPoint\",\"urlTemplate\":\"https:\/\/web-recyc.com\/?s={search_term_string}\"},\"query-input\":{\"@type\":\"PropertyValueSpecification\",\"valueRequired\":true,\"valueName\":\"search_term_string\"}}],\"inLanguage\":\"en-CA\"},{\"@type\":\"Organization\",\"@id\":\"https:\/\/web-recyc.com\/#organization\",\"name\":\"Web-Recyc\",\"url\":\"https:\/\/web-recyc.com\/\",\"logo\":{\"@type\":\"ImageObject\",\"inLanguage\":\"en-CA\",\"@id\":\"https:\/\/web-recyc.com\/#\/schema\/logo\/image\/\",\"url\":\"https:\/\/web-recyc.com\/wp-content\/uploads\/2023\/05\/08_WR_H_noircoul.png\",\"contentUrl\":\"https:\/\/web-recyc.com\/wp-content\/uploads\/2023\/05\/08_WR_H_noircoul.png\",\"width\":1650,\"height\":533,\"caption\":\"Web-Recyc\"},\"image\":{\"@id\":\"https:\/\/web-recyc.com\/#\/schema\/logo\/image\/\"},\"sameAs\":[\"https:\/\/www.facebook.com\/web.recyc\"]}]}<\/script>\n<!-- \/ Yoast SEO plugin. -->","yoast_head_json":{"title":"\u00c0 propos de nous - Web-Recyc - Revalorisation des briques","description":"WEB-RECYC est une entreprise innovante dans le domaine de la revalorisation des briques et de la technologie.","robots":{"index":"index","follow":"follow","max-snippet":"max-snippet:-1","max-image-preview":"max-image-preview:large","max-video-preview":"max-video-preview:-1"},"canonical":"https:\/\/web-recyc.com\/en\/a-propos-de-nous\/","og_locale":"en_US","og_type":"article","og_title":"REVALORISATION DES BRIQUES","og_description":"WEB-RECYC est une entreprise innovante dans le domaine de la revalorisation des briques et de la technologie","og_url":"https:\/\/web-recyc.com\/en\/a-propos-de-nous\/","og_site_name":"Web-Recyc","article_publisher":"https:\/\/www.facebook.com\/web.recyc","article_modified_time":"2025-07-21T23:46:04+00:00","og_image":[{"width":1713,"height":808,"url":"https:\/\/web-recyc.com\/wp-content\/uploads\/2023\/05\/03_WR_P_noircoul.png","type":"image\/png"}],"twitter_card":"summary_large_image","twitter_title":"REVALORISATION DES BRIQUES","twitter_description":"WEB-RECYC est une entreprise innovante dans le domaine de la revalorisation des briques et de la technologie","twitter_image":"https:\/\/web-recyc.com\/wp-content\/uploads\/2023\/05\/03_WR_P_noircoul.png","twitter_misc":{"Est. reading time":"2 minutes"},"schema":{"@context":"https:\/\/schema.org","@graph":[{"@type":"WebPage","@id":"https:\/\/web-recyc.com\/a-propos-de-nous\/","url":"https:\/\/web-recyc.com\/a-propos-de-nous\/","name":"\u00c0 propos de nous - Web-Recyc - Revalorisation des briques","isPartOf":{"@id":"https:\/\/web-recyc.com\/#website"},"primaryImageOfPage":{"@id":"https:\/\/web-recyc.com\/a-propos-de-nous\/#primaryimage"},"image":{"@id":"https:\/\/web-recyc.com\/a-propos-de-nous\/#primaryimage"},"thumbnailUrl":"https:\/\/web-recyc.com\/wp-content\/uploads\/2023\/05\/don-de-brique.png","datePublished":"2023-05-01T16:25:54+00:00","dateModified":"2025-07-21T23:46:04+00:00","description":"WEB-RECYC est une entreprise innovante dans le domaine de la revalorisation des briques et de la technologie.","breadcrumb":{"@id":"https:\/\/web-recyc.com\/a-propos-de-nous\/#breadcrumb"},"inLanguage":"en-CA","potentialAction":[{"@type":"ReadAction","target":["https:\/\/web-recyc.com\/a-propos-de-nous\/"]}]},{"@type":"ImageObject","inLanguage":"en-CA","@id":"https:\/\/web-recyc.com\/a-propos-de-nous\/#primaryimage","url":"https:\/\/web-recyc.com\/wp-content\/uploads\/2023\/05\/don-de-brique.png","contentUrl":"https:\/\/web-recyc.com\/wp-content\/uploads\/2023\/05\/don-de-brique.png","width":146,"height":148},{"@type":"BreadcrumbList","@id":"https:\/\/web-recyc.com\/a-propos-de-nous\/#breadcrumb","itemListElement":[{"@type":"ListItem","position":1,"name":"Accueil","item":"https:\/\/web-recyc.com\/"},{"@type":"ListItem","position":2,"name":"\u00c0 propos de nous"}]},{"@type":"WebSite","@id":"https:\/\/web-recyc.com\/#website","url":"https:\/\/web-recyc.com\/","name":"Web-Recyc","description":"Une brique, un geste, un impact !","publisher":{"@id":"https:\/\/web-recyc.com\/#organization"},"potentialAction":[{"@type":"SearchAction","target":{"@type":"EntryPoint","urlTemplate":"https:\/\/web-recyc.com\/?s={search_term_string}"},"query-input":{"@type":"PropertyValueSpecification","valueRequired":true,"valueName":"search_term_string"}}],"inLanguage":"en-CA"},{"@type":"Organization","@id":"https:\/\/web-recyc.com\/#organization","name":"Web-Recyc","url":"https:\/\/web-recyc.com\/","logo":{"@type":"ImageObject","inLanguage":"en-CA","@id":"https:\/\/web-recyc.com\/#\/schema\/logo\/image\/","url":"https:\/\/web-recyc.com\/wp-content\/uploads\/2023\/05\/08_WR_H_noircoul.png","contentUrl":"https:\/\/web-recyc.com\/wp-content\/uploads\/2023\/05\/08_WR_H_noircoul.png","width":1650,"height":533,"caption":"Web-Recyc"},"image":{"@id":"https:\/\/web-recyc.com\/#\/schema\/logo\/image\/"},"sameAs":["https:\/\/www.facebook.com\/web.recyc"]}]}},"jetpack_sharing_enabled":true,"_links":{"self":[{"href":"https:\/\/web-recyc.com\/en\/wp-json\/wp\/v2\/pages\/71","targetHints":{"allow":["GET"]}}],"collection":[{"href":"https:\/\/web-recyc.com\/en\/wp-json\/wp\/v2\/pages"}],"about":[{"href":"https:\/\/web-recyc.com\/en\/wp-json\/wp\/v2\/types\/page"}],"author":[{"embeddable":true,"href":"https:\/\/web-recyc.com\/en\/wp-json\/wp\/v2\/users\/1"}],"replies":[{"embeddable":true,"href":"https:\/\/web-recyc.com\/en\/wp-json\/wp\/v2\/comments?post=71"}],"version-history":[{"count":74,"href":"https:\/\/web-recyc.com\/en\/wp-json\/wp\/v2\/pages\/71\/revisions"}],"predecessor-version":[{"id":2920,"href":"https:\/\/web-recyc.com\/en\/wp-json\/wp\/v2\/pages\/71\/revisions\/2920"}],"wp:featuredmedia":[{"embeddable":true,"href":"https:\/\/web-recyc.com\/en\/wp-json\/wp\/v2\/media\/47"}],"wp:attachment":[{"href":"https:\/\/web-recyc.com\/en\/wp-json\/wp\/v2\/media?parent=71"}],"curies":[{"name":"wp","href":"https:\/\/api.w.org\/{rel}","templated":true}]}}