{"id":81,"date":"2023-05-01T12:27:31","date_gmt":"2023-05-01T16:27:31","guid":{"rendered":"https:\/\/web-recyc.com\/?page_id=81"},"modified":"2025-01-08T17:00:35","modified_gmt":"2025-01-08T22:00:35","slug":"contact","status":"publish","type":"page","link":"https:\/\/web-recyc.com\/en\/contact\/","title":{"rendered":"Contact"},"content":{"rendered":"<div data-elementor-type=\"wp-page\" data-elementor-id=\"81\" class=\"elementor elementor-81\" data-elementor-post-type=\"page\">\n\t\t\t\t\t\t<section class=\"elementor-section elementor-top-section elementor-element elementor-element-8538801 elementor-section-stretched elementor-section-boxed elementor-section-height-default elementor-section-height-default\" data-id=\"8538801\" data-element_type=\"section\" data-settings=\"{&quot;stretch_section&quot;:&quot;section-stretched&quot;,&quot;background_background&quot;:&quot;classic&quot;}\">\n\t\t\t\t\t\t<div class=\"elementor-container elementor-column-gap-default\">\n\t\t\t\t\t<div class=\"elementor-column elementor-col-100 elementor-top-column elementor-element elementor-element-f354ec4\" data-id=\"f354ec4\" data-element_type=\"column\">\n\t\t\t<div class=\"elementor-widget-wrap elementor-element-populated\">\n\t\t\t\t\t\t<section class=\"elementor-section elementor-inner-section elementor-element elementor-element-560f8b6 elementor-section-boxed elementor-section-height-default elementor-section-height-default\" data-id=\"560f8b6\" data-element_type=\"section\">\n\t\t\t\t\t\t<div class=\"elementor-container elementor-column-gap-default\">\n\t\t\t\t\t<div class=\"elementor-column elementor-col-100 elementor-inner-column elementor-element elementor-element-97b4a6a\" data-id=\"97b4a6a\" data-element_type=\"column\">\n\t\t\t<div class=\"elementor-widget-wrap elementor-element-populated\">\n\t\t\t\t\t\t<div class=\"elementor-element elementor-element-f03a764 elementor-widget elementor-widget-heading\" data-id=\"f03a764\" data-element_type=\"widget\" data-widget_type=\"heading.default\">\n\t\t\t\t<div class=\"elementor-widget-container\">\n\t\t\t\t\t<h1 class=\"elementor-heading-title elementor-size-default\">CONTACT US<\/h1>\t\t\t\t<\/div>\n\t\t\t\t<\/div>\n\t\t\t\t<div class=\"elementor-element elementor-element-08d0101 elementor-widget-divider--view-line elementor-widget elementor-widget-divider\" data-id=\"08d0101\" data-element_type=\"widget\" data-widget_type=\"divider.default\">\n\t\t\t\t<div class=\"elementor-widget-container\">\n\t\t\t\t\t\t\t<div class=\"elementor-divider\">\n\t\t\t<span class=\"elementor-divider-separator\">\n\t\t\t\t\t\t<\/span>\n\t\t<\/div>\n\t\t\t\t\t\t<\/div>\n\t\t\t\t<\/div>\n\t\t\t\t<div class=\"elementor-element elementor-element-a4feea4 flux-donner elementor-widget elementor-widget-text-editor\" data-id=\"a4feea4\" data-element_type=\"widget\" data-widget_type=\"text-editor.default\">\n\t\t\t\t<div class=\"elementor-widget-container\">\n\t\t\t\t\t\t\t\t\t<p onclick=\"location.href='\/don\/#formulaire'\" style=\"text-align: left; font-size: 13pt;\"><b><img decoding=\"async\" src=\"https:\/\/web-recyc.com\/wp-content\/uploads\/2023\/06\/Formulaire-vert-pale.png\" width=\"70&quot;\" \/>DONATION FORM<\/b><\/p>\t\t\t\t\t\t\t\t<\/div>\n\t\t\t\t<\/div>\n\t\t\t\t<div class=\"elementor-element elementor-element-bb1fd99 flux-donner elementor-widget elementor-widget-text-editor\" data-id=\"bb1fd99\" data-element_type=\"widget\" data-widget_type=\"text-editor.default\">\n\t\t\t\t<div class=\"elementor-widget-container\">\n\t\t\t\t\t\t\t\t\t<p onclick=\"location.href='\/achat\/#formulaire'\" style=\"text-align: left; font-size: 13pt;\"><b><img decoding=\"async\" src=\"https:\/\/web-recyc.com\/wp-content\/uploads\/2023\/06\/Formulaire-vert-pale.png\" width=\"70&quot;\" \/>FORMULAIRE D&rsquo;ACHAT<\/b><\/p>\t\t\t\t\t\t\t\t<\/div>\n\t\t\t\t<\/div>\n\t\t\t\t<div class=\"elementor-element elementor-element-e1809bf elementor-widget elementor-widget-heading\" data-id=\"e1809bf\" data-element_type=\"widget\" data-widget_type=\"heading.default\">\n\t\t\t\t<div class=\"elementor-widget-container\">\n\t\t\t\t\t<h1 class=\"elementor-heading-title elementor-size-default\">Our priority, you and the brick!<\/h1>\t\t\t\t<\/div>\n\t\t\t\t<\/div>\n\t\t\t\t<div class=\"elementor-element elementor-element-1514ec8 elementor-widget elementor-widget-image\" data-id=\"1514ec8\" data-element_type=\"widget\" data-widget_type=\"image.default\">\n\t\t\t\t<div class=\"elementor-widget-container\">\n\t\t\t\t\t\t\t\t\t\t\t\t\t\t\t<img decoding=\"async\" width=\"107\" height=\"101\" src=\"https:\/\/web-recyc.com\/wp-content\/uploads\/2023\/05\/23_contact_couleur.png\" class=\"attachment-large size-large wp-image-529\" alt=\"\" srcset=\"https:\/\/web-recyc.com\/wp-content\/uploads\/2023\/05\/23_contact_couleur.png 107w, https:\/\/web-recyc.com\/wp-content\/uploads\/2023\/05\/23_contact_couleur-13x12.png 13w\" sizes=\"(max-width: 107px) 100vw, 107px\" \/>\t\t\t\t\t\t\t\t\t\t\t\t\t\t\t<\/div>\n\t\t\t\t<\/div>\n\t\t\t\t\t<\/div>\n\t\t<\/div>\n\t\t\t\t\t<\/div>\n\t\t<\/section>\n\t\t\t\t\t<\/div>\n\t\t<\/div>\n\t\t\t\t\t<\/div>\n\t\t<\/section>\n\t\t\t\t<section class=\"elementor-section elementor-top-section elementor-element elementor-element-36308be elementor-section-stretched elementor-section-boxed elementor-section-height-default elementor-section-height-default\" data-id=\"36308be\" data-element_type=\"section\" data-settings=\"{&quot;stretch_section&quot;:&quot;section-stretched&quot;,&quot;background_background&quot;:&quot;classic&quot;}\">\n\t\t\t\t\t\t<div class=\"elementor-container elementor-column-gap-default\">\n\t\t\t\t\t<div class=\"elementor-column elementor-col-100 elementor-top-column elementor-element elementor-element-dc81acf\" data-id=\"dc81acf\" data-element_type=\"column\">\n\t\t\t<div class=\"elementor-widget-wrap elementor-element-populated\">\n\t\t\t\t\t\t<section class=\"elementor-section elementor-inner-section elementor-element elementor-element-b7280b4 elementor-section-boxed elementor-section-height-default elementor-section-height-default\" data-id=\"b7280b4\" data-element_type=\"section\">\n\t\t\t\t\t\t<div class=\"elementor-container elementor-column-gap-default\">\n\t\t\t\t\t<div class=\"elementor-column elementor-col-50 elementor-inner-column elementor-element elementor-element-1afbef5\" data-id=\"1afbef5\" data-element_type=\"column\">\n\t\t\t<div class=\"elementor-widget-wrap elementor-element-populated\">\n\t\t\t\t\t\t<div class=\"elementor-element elementor-element-0327475 elementor-widget elementor-widget-text-editor\" data-id=\"0327475\" data-element_type=\"widget\" data-widget_type=\"text-editor.default\">\n\t\t\t\t<div class=\"elementor-widget-container\">\n\t\t\t\t\t\t\t\t\t<p><span style=\"color: #003300;\">Pour plus d&rsquo;informations, remplissez le formulaire et nous vous contacterons dans un d\u00e9lais de <strong>24 to 48 hours<\/strong>.<\/span><\/p><p><a href=\"mailto:info@web-recyc.com\"><strong><span style=\"color: #008000;\">info@web-recyc.com<\/span><\/strong><\/a><\/p>\t\t\t\t\t\t\t\t<\/div>\n\t\t\t\t<\/div>\n\t\t\t\t<div class=\"elementor-element elementor-element-81ae2b3 elementor-view-default elementor-widget elementor-widget-icon\" data-id=\"81ae2b3\" data-element_type=\"widget\" data-widget_type=\"icon.default\">\n\t\t\t\t<div class=\"elementor-widget-container\">\n\t\t\t\t\t\t\t<div class=\"elementor-icon-wrapper\">\n\t\t\t<a class=\"elementor-icon\" href=\"https:\/\/www.facebook.com\/web.recyc\" target=\"_blank\">\n\t\t\t<i aria-hidden=\"true\" class=\"fab fa-facebook-square\"><\/i>\t\t\t<\/a>\n\t\t<\/div>\n\t\t\t\t\t\t<\/div>\n\t\t\t\t<\/div>\n\t\t\t\t\t<\/div>\n\t\t<\/div>\n\t\t\t\t<div class=\"elementor-column elementor-col-50 elementor-inner-column elementor-element elementor-element-b1f9106\" data-id=\"b1f9106\" data-element_type=\"column\">\n\t\t\t<div class=\"elementor-widget-wrap elementor-element-populated\">\n\t\t\t\t\t\t<div class=\"elementor-element elementor-element-fcb0279 elementor-button-align-stretch elementor-widget elementor-widget-form\" data-id=\"fcb0279\" data-element_type=\"widget\" data-settings=\"{&quot;step_next_label&quot;:&quot;Suivant&quot;,&quot;step_previous_label&quot;:&quot;Pr\\u00e9c\\u00e9dent&quot;,&quot;button_width&quot;:&quot;100&quot;,&quot;step_type&quot;:&quot;number_text&quot;,&quot;step_icon_shape&quot;:&quot;circle&quot;}\" data-widget_type=\"form.default\">\n\t\t\t\t<div class=\"elementor-widget-container\">\n\t\t\t\t\t\t\t<form class=\"elementor-form\" method=\"post\" name=\"Nouveau formulaire\" action=\"\">\n\t\t\t<input type=\"hidden\" name=\"post_id\" value=\"81\"\/>\n\t\t\t<input type=\"hidden\" name=\"form_id\" value=\"fcb0279\"\/>\n\t\t\t<input type=\"hidden\" name=\"referer_title\" value=\"Web-Recyc\" \/>\n\n\t\t\t\n\t\t\t<div class=\"elementor-form-fields-wrapper elementor-labels-above\">\n\t\t\t\t\t\t\t\t<div class=\"elementor-field-type-text elementor-field-group elementor-column elementor-field-group-name elementor-col-100 elementor-field-required\">\n\t\t\t\t\t\t\t\t\t\t\t\t<label for=\"form-field-name\" class=\"elementor-field-label\">\n\t\t\t\t\t\t\t\tNAME\t\t\t\t\t\t\t<\/label>\n\t\t\t\t\t\t\t\t\t\t\t\t\t\t<input size=\"1\" type=\"text\" name=\"form_fields[name]\" id=\"form-field-name\" class=\"elementor-field elementor-size-md  elementor-field-textual\" placeholder=\"Your name\" required=\"required\" aria-required=\"true\">\n\t\t\t\t\t\t\t\t\t\t\t<\/div>\n\t\t\t\t\t\t\t\t<div class=\"elementor-field-type-tel elementor-field-group elementor-column elementor-field-group-email elementor-col-100 elementor-field-required\">\n\t\t\t\t\t\t\t\t\t\t\t\t<label for=\"form-field-email\" class=\"elementor-field-label\">\n\t\t\t\t\t\t\t\tPHONE\t\t\t\t\t\t\t<\/label>\n\t\t\t\t\t\t\t\t<input size=\"1\" type=\"tel\" name=\"form_fields[email]\" id=\"form-field-email\" class=\"elementor-field elementor-size-md  elementor-field-textual\" placeholder=\"Your phone number\" required=\"required\" aria-required=\"true\" pattern=\"[0-9()#&amp;+*-=.]+\" title=\"Only numbers and phone characters (#, -, *, etc) are accepted.\">\n\n\t\t\t\t\t\t<\/div>\n\t\t\t\t\t\t\t\t<div class=\"elementor-field-type-email elementor-field-group elementor-column elementor-field-group-field_8f36723 elementor-col-100 elementor-field-required\">\n\t\t\t\t\t\t\t\t\t\t\t\t<label for=\"form-field-field_8f36723\" class=\"elementor-field-label\">\n\t\t\t\t\t\t\t\tE-MAIL\t\t\t\t\t\t\t<\/label>\n\t\t\t\t\t\t\t\t\t\t\t\t\t\t<input size=\"1\" type=\"email\" name=\"form_fields[field_8f36723]\" id=\"form-field-field_8f36723\" class=\"elementor-field elementor-size-md  elementor-field-textual\" placeholder=\"Your e-mail address\" required=\"required\" aria-required=\"true\">\n\t\t\t\t\t\t\t\t\t\t\t<\/div>\n\t\t\t\t\t\t\t\t<div class=\"elementor-field-type-textarea elementor-field-group elementor-column elementor-field-group-field_925d902 elementor-col-100 elementor-field-required\">\n\t\t\t\t\t\t\t\t\t\t\t\t<label for=\"form-field-field_925d902\" class=\"elementor-field-label\">\n\t\t\t\t\t\t\t\tMESSAGE\t\t\t\t\t\t\t<\/label>\n\t\t\t\t\t\t<textarea class=\"elementor-field-textual elementor-field  elementor-size-md\" name=\"form_fields[field_925d902]\" id=\"form-field-field_925d902\" rows=\"4\" placeholder=\"Please leave us a brief message\" required=\"required\" aria-required=\"true\"><\/textarea>\t\t\t\t<\/div>\n\t\t\t\t\t\t\t\t<div class=\"elementor-field-type-upload elementor-field-group elementor-column elementor-field-group-field_ac39083 elementor-col-100\">\n\t\t\t\t\t\t\t\t\t\t\t\t<label for=\"form-field-field_ac39083\" class=\"elementor-field-label\">\n\t\t\t\t\t\t\t\tATTACH A PHOTO OR DOCUMENT\t\t\t\t\t\t\t<\/label>\n\t\t\t\t\t\t\t\t<input type=\"file\" name=\"form_fields[field_ac39083][]\" id=\"form-field-field_ac39083\" class=\"elementor-field elementor-size-md  elementor-upload-field\" multiple=\"multiple\">\n\n\t\t\t\t\t\t<\/div>\n\t\t\t\t\t\t\t\t<div class=\"elementor-field-type-recaptcha_v3 elementor-field-group elementor-column elementor-field-group-field_aed104e elementor-col-100 recaptcha_v3-inline\">\n\t\t\t\t\t<div class=\"elementor-field\" id=\"form-field-field_aed104e\"><div class=\"elementor-g-recaptcha\" data-sitekey=\"6LeqErIqAAAAAMEPpVq5yy4juHTT58K73j8UjXkk\" data-type=\"v3\" data-action=\"Form\" data-badge=\"inline\" data-size=\"invisible\"><\/div><\/div>\t\t\t\t<\/div>\n\t\t\t\t\t\t\t\t<div class=\"elementor-field-group elementor-column elementor-field-type-submit elementor-col-100 e-form__buttons\">\n\t\t\t\t\t<button class=\"elementor-button elementor-size-sm\" type=\"submit\" id=\"btn-soumettre\">\n\t\t\t\t\t\t<span class=\"elementor-button-content-wrapper\">\n\t\t\t\t\t\t\t\t\t\t\t\t\t\t\t\t\t\t\t\t\t\t<span class=\"elementor-button-text\">SEND<\/span>\n\t\t\t\t\t\t\t\t\t\t\t\t\t<\/span>\n\t\t\t\t\t<\/button>\n\t\t\t\t<\/div>\n\t\t\t<\/div>\n\t\t<input type=\"hidden\" name=\"trp-form-language\" value=\"en\"\/><\/form>\n\t\t\t\t\t\t<\/div>\n\t\t\t\t<\/div>\n\t\t\t\t\t<\/div>\n\t\t<\/div>\n\t\t\t\t\t<\/div>\n\t\t<\/section>\n\t\t\t\t\t<\/div>\n\t\t<\/div>\n\t\t\t\t\t<\/div>\n\t\t<\/section>\n\t\t\t\t<\/div>","protected":false},"excerpt":{"rendered":"<p>CONTACTEZ-NOUS FORMULAIRE DE DON FORMULAIRE D&rsquo;ACHAT Notre priorit\u00e9, vous et la brique ! Pour plus d&rsquo;informations, \u00e9crivez-nous \u00e0 l&rsquo;adresse ci-dessous en prenant soin d&rsquo;indiquer votre NOM, T\u00c9L\u00c9PHONE et de r\u00e9diger votre demande de fa\u00e7on claire et succincte. Nous vous contacterons dans un d\u00e9lais de 24 \u00e0 48 heures. info@web-recyc.com Pour plus d&rsquo;informations, remplissez le formulaire [&hellip;]<\/p>","protected":false},"author":1,"featured_media":529,"parent":0,"menu_order":0,"comment_status":"closed","ping_status":"closed","template":"","meta":{"ocean_post_layout":"","ocean_both_sidebars_style":"","ocean_both_sidebars_content_width":0,"ocean_both_sidebars_sidebars_width":0,"ocean_sidebar":"","ocean_second_sidebar":"","ocean_disable_margins":"enable","ocean_add_body_class":"","ocean_shortcode_before_top_bar":"","ocean_shortcode_after_top_bar":"","ocean_shortcode_before_header":"","ocean_shortcode_after_header":"","ocean_has_shortcode":"","ocean_shortcode_after_title":"","ocean_shortcode_before_footer_widgets":"","ocean_shortcode_after_footer_widgets":"","ocean_shortcode_before_footer_bottom":"","ocean_shortcode_after_footer_bottom":"","ocean_display_top_bar":"default","ocean_display_header":"default","ocean_header_style":"","ocean_center_header_left_menu":"","ocean_custom_header_template":"","ocean_custom_logo":0,"ocean_custom_retina_logo":0,"ocean_custom_logo_max_width":0,"ocean_custom_logo_tablet_max_width":0,"ocean_custom_logo_mobile_max_width":0,"ocean_custom_logo_max_height":0,"ocean_custom_logo_tablet_max_height":0,"ocean_custom_logo_mobile_max_height":0,"ocean_header_custom_menu":"","ocean_menu_typo_font_family":"","ocean_menu_typo_font_subset":"","ocean_menu_typo_font_size":0,"ocean_menu_typo_font_size_tablet":0,"ocean_menu_typo_font_size_mobile":0,"ocean_menu_typo_font_size_unit":"px","ocean_menu_typo_font_weight":"","ocean_menu_typo_font_weight_tablet":"","ocean_menu_typo_font_weight_mobile":"","ocean_menu_typo_transform":"","ocean_menu_typo_transform_tablet":"","ocean_menu_typo_transform_mobile":"","ocean_menu_typo_line_height":0,"ocean_menu_typo_line_height_tablet":0,"ocean_menu_typo_line_height_mobile":0,"ocean_menu_typo_line_height_unit":"","ocean_menu_typo_spacing":0,"ocean_menu_typo_spacing_tablet":0,"ocean_menu_typo_spacing_mobile":0,"ocean_menu_typo_spacing_unit":"","ocean_menu_link_color":"","ocean_menu_link_color_hover":"","ocean_menu_link_color_active":"","ocean_menu_link_background":"","ocean_menu_link_hover_background":"","ocean_menu_link_active_background":"","ocean_menu_social_links_bg":"","ocean_menu_social_hover_links_bg":"","ocean_menu_social_links_color":"","ocean_menu_social_hover_links_color":"","ocean_disable_title":"default","ocean_disable_heading":"default","ocean_post_title":"","ocean_post_subheading":"","ocean_post_title_style":"","ocean_post_title_background_color":"","ocean_post_title_background":0,"ocean_post_title_bg_image_position":"","ocean_post_title_bg_image_attachment":"","ocean_post_title_bg_image_repeat":"","ocean_post_title_bg_image_size":"","ocean_post_title_height":0,"ocean_post_title_bg_overlay":0.5,"ocean_post_title_bg_overlay_color":"","ocean_disable_breadcrumbs":"default","ocean_breadcrumbs_color":"","ocean_breadcrumbs_separator_color":"","ocean_breadcrumbs_links_color":"","ocean_breadcrumbs_links_hover_color":"","ocean_display_footer_widgets":"default","ocean_display_footer_bottom":"default","ocean_custom_footer_template":"","footnotes":""},"class_list":["post-81","page","type-page","status-publish","has-post-thumbnail","hentry","entry","has-media","owp-thumbs-layout-horizontal","owp-btn-normal","owp-tabs-layout-horizontal","has-no-thumbnails","has-product-nav"],"yoast_head":"<!-- This site is optimized with the Yoast SEO plugin v24.2 - https:\/\/yoast.com\/wordpress\/plugins\/seo\/ -->\n<title>Contact - Web-Recyc<\/title>\n<meta name=\"description\" content=\"Contactez-nous via notre formulaire pour plus d&#039;informations. Les priorit\u00e9s de WEB-RECYC sont vous... et la brique!\" \/>\n<meta name=\"robots\" content=\"index, follow, max-snippet:-1, max-image-preview:large, max-video-preview:-1\" \/>\n<link rel=\"canonical\" href=\"https:\/\/web-recyc.com\/en\/contact\/\" \/>\n<meta property=\"og:locale\" content=\"en_US\" \/>\n<meta property=\"og:type\" content=\"article\" \/>\n<meta property=\"og:title\" content=\"Contactez-nous\" \/>\n<meta property=\"og:description\" content=\"Contactez-nous via notre formulaire pour plus d&#039;informations. Les priorit\u00e9s de WEB-RECYC sont vous... et la brique!\" \/>\n<meta property=\"og:url\" content=\"https:\/\/web-recyc.com\/en\/contact\/\" \/>\n<meta property=\"og:site_name\" content=\"Web-Recyc\" \/>\n<meta property=\"article:publisher\" content=\"https:\/\/www.facebook.com\/web.recyc\" \/>\n<meta property=\"article:modified_time\" content=\"2025-01-08T22:00:35+00:00\" \/>\n<meta property=\"og:image\" content=\"https:\/\/web-recyc.com\/wp-content\/uploads\/2023\/05\/03_WR_P_noircoul.png\" \/>\n\t<meta property=\"og:image:width\" content=\"1713\" \/>\n\t<meta property=\"og:image:height\" content=\"808\" \/>\n\t<meta property=\"og:image:type\" content=\"image\/png\" \/>\n<meta name=\"twitter:card\" content=\"summary_large_image\" \/>\n<meta name=\"twitter:title\" content=\"Contactez-nous\" \/>\n<meta name=\"twitter:description\" content=\"Contactez-nous via notre formulaire pour plus d&#039;informations. Les priorit\u00e9s de WEB-RECYC sont vous... et la brique!\" \/>\n<meta name=\"twitter:image\" content=\"https:\/\/web-recyc.com\/wp-content\/uploads\/2023\/05\/03_WR_P_noircoul.png\" \/>\n<meta name=\"twitter:label1\" content=\"Est. reading time\" \/>\n\t<meta name=\"twitter:data1\" content=\"2 minutes\" \/>\n<script type=\"application\/ld+json\" class=\"yoast-schema-graph\">{\"@context\":\"https:\/\/schema.org\",\"@graph\":[{\"@type\":\"WebPage\",\"@id\":\"https:\/\/web-recyc.com\/contact\/\",\"url\":\"https:\/\/web-recyc.com\/contact\/\",\"name\":\"Contact - Web-Recyc\",\"isPartOf\":{\"@id\":\"https:\/\/web-recyc.com\/#website\"},\"primaryImageOfPage\":{\"@id\":\"https:\/\/web-recyc.com\/contact\/#primaryimage\"},\"image\":{\"@id\":\"https:\/\/web-recyc.com\/contact\/#primaryimage\"},\"thumbnailUrl\":\"https:\/\/web-recyc.com\/wp-content\/uploads\/2023\/05\/23_contact_couleur.png\",\"datePublished\":\"2023-05-01T16:27:31+00:00\",\"dateModified\":\"2025-01-08T22:00:35+00:00\",\"description\":\"Contactez-nous via notre formulaire pour plus d'informations. Les priorit\u00e9s de WEB-RECYC sont vous... et la brique!\",\"breadcrumb\":{\"@id\":\"https:\/\/web-recyc.com\/contact\/#breadcrumb\"},\"inLanguage\":\"en-CA\",\"potentialAction\":[{\"@type\":\"ReadAction\",\"target\":[\"https:\/\/web-recyc.com\/contact\/\"]}]},{\"@type\":\"ImageObject\",\"inLanguage\":\"en-CA\",\"@id\":\"https:\/\/web-recyc.com\/contact\/#primaryimage\",\"url\":\"https:\/\/web-recyc.com\/wp-content\/uploads\/2023\/05\/23_contact_couleur.png\",\"contentUrl\":\"https:\/\/web-recyc.com\/wp-content\/uploads\/2023\/05\/23_contact_couleur.png\",\"width\":107,\"height\":101},{\"@type\":\"BreadcrumbList\",\"@id\":\"https:\/\/web-recyc.com\/contact\/#breadcrumb\",\"itemListElement\":[{\"@type\":\"ListItem\",\"position\":1,\"name\":\"Accueil\",\"item\":\"https:\/\/web-recyc.com\/\"},{\"@type\":\"ListItem\",\"position\":2,\"name\":\"Contact\"}]},{\"@type\":\"WebSite\",\"@id\":\"https:\/\/web-recyc.com\/#website\",\"url\":\"https:\/\/web-recyc.com\/\",\"name\":\"Web-Recyc\",\"description\":\"Une brique, un geste, un impact !\",\"publisher\":{\"@id\":\"https:\/\/web-recyc.com\/#organization\"},\"potentialAction\":[{\"@type\":\"SearchAction\",\"target\":{\"@type\":\"EntryPoint\",\"urlTemplate\":\"https:\/\/web-recyc.com\/?s={search_term_string}\"},\"query-input\":{\"@type\":\"PropertyValueSpecification\",\"valueRequired\":true,\"valueName\":\"search_term_string\"}}],\"inLanguage\":\"en-CA\"},{\"@type\":\"Organization\",\"@id\":\"https:\/\/web-recyc.com\/#organization\",\"name\":\"Web-Recyc\",\"url\":\"https:\/\/web-recyc.com\/\",\"logo\":{\"@type\":\"ImageObject\",\"inLanguage\":\"en-CA\",\"@id\":\"https:\/\/web-recyc.com\/#\/schema\/logo\/image\/\",\"url\":\"https:\/\/web-recyc.com\/wp-content\/uploads\/2023\/05\/08_WR_H_noircoul.png\",\"contentUrl\":\"https:\/\/web-recyc.com\/wp-content\/uploads\/2023\/05\/08_WR_H_noircoul.png\",\"width\":1650,\"height\":533,\"caption\":\"Web-Recyc\"},\"image\":{\"@id\":\"https:\/\/web-recyc.com\/#\/schema\/logo\/image\/\"},\"sameAs\":[\"https:\/\/www.facebook.com\/web.recyc\"]}]}<\/script>\n<!-- \/ Yoast SEO plugin. -->","yoast_head_json":{"title":"Contact - Web-Recyc","description":"Contactez-nous via notre formulaire pour plus d'informations. Les priorit\u00e9s de WEB-RECYC sont vous... et la brique!","robots":{"index":"index","follow":"follow","max-snippet":"max-snippet:-1","max-image-preview":"max-image-preview:large","max-video-preview":"max-video-preview:-1"},"canonical":"https:\/\/web-recyc.com\/en\/contact\/","og_locale":"en_US","og_type":"article","og_title":"Contactez-nous","og_description":"Contactez-nous via notre formulaire pour plus d'informations. Les priorit\u00e9s de WEB-RECYC sont vous... et la brique!","og_url":"https:\/\/web-recyc.com\/en\/contact\/","og_site_name":"Web-Recyc","article_publisher":"https:\/\/www.facebook.com\/web.recyc","article_modified_time":"2025-01-08T22:00:35+00:00","og_image":[{"width":1713,"height":808,"url":"https:\/\/web-recyc.com\/wp-content\/uploads\/2023\/05\/03_WR_P_noircoul.png","type":"image\/png"}],"twitter_card":"summary_large_image","twitter_title":"Contactez-nous","twitter_description":"Contactez-nous via notre formulaire pour plus d'informations. Les priorit\u00e9s de WEB-RECYC sont vous... et la brique!","twitter_image":"https:\/\/web-recyc.com\/wp-content\/uploads\/2023\/05\/03_WR_P_noircoul.png","twitter_misc":{"Est. reading time":"2 minutes"},"schema":{"@context":"https:\/\/schema.org","@graph":[{"@type":"WebPage","@id":"https:\/\/web-recyc.com\/contact\/","url":"https:\/\/web-recyc.com\/contact\/","name":"Contact - Web-Recyc","isPartOf":{"@id":"https:\/\/web-recyc.com\/#website"},"primaryImageOfPage":{"@id":"https:\/\/web-recyc.com\/contact\/#primaryimage"},"image":{"@id":"https:\/\/web-recyc.com\/contact\/#primaryimage"},"thumbnailUrl":"https:\/\/web-recyc.com\/wp-content\/uploads\/2023\/05\/23_contact_couleur.png","datePublished":"2023-05-01T16:27:31+00:00","dateModified":"2025-01-08T22:00:35+00:00","description":"Contactez-nous via notre formulaire pour plus d'informations. Les priorit\u00e9s de WEB-RECYC sont vous... et la brique!","breadcrumb":{"@id":"https:\/\/web-recyc.com\/contact\/#breadcrumb"},"inLanguage":"en-CA","potentialAction":[{"@type":"ReadAction","target":["https:\/\/web-recyc.com\/contact\/"]}]},{"@type":"ImageObject","inLanguage":"en-CA","@id":"https:\/\/web-recyc.com\/contact\/#primaryimage","url":"https:\/\/web-recyc.com\/wp-content\/uploads\/2023\/05\/23_contact_couleur.png","contentUrl":"https:\/\/web-recyc.com\/wp-content\/uploads\/2023\/05\/23_contact_couleur.png","width":107,"height":101},{"@type":"BreadcrumbList","@id":"https:\/\/web-recyc.com\/contact\/#breadcrumb","itemListElement":[{"@type":"ListItem","position":1,"name":"Accueil","item":"https:\/\/web-recyc.com\/"},{"@type":"ListItem","position":2,"name":"Contact"}]},{"@type":"WebSite","@id":"https:\/\/web-recyc.com\/#website","url":"https:\/\/web-recyc.com\/","name":"Web-Recyc","description":"Une brique, un geste, un impact !","publisher":{"@id":"https:\/\/web-recyc.com\/#organization"},"potentialAction":[{"@type":"SearchAction","target":{"@type":"EntryPoint","urlTemplate":"https:\/\/web-recyc.com\/?s={search_term_string}"},"query-input":{"@type":"PropertyValueSpecification","valueRequired":true,"valueName":"search_term_string"}}],"inLanguage":"en-CA"},{"@type":"Organization","@id":"https:\/\/web-recyc.com\/#organization","name":"Web-Recyc","url":"https:\/\/web-recyc.com\/","logo":{"@type":"ImageObject","inLanguage":"en-CA","@id":"https:\/\/web-recyc.com\/#\/schema\/logo\/image\/","url":"https:\/\/web-recyc.com\/wp-content\/uploads\/2023\/05\/08_WR_H_noircoul.png","contentUrl":"https:\/\/web-recyc.com\/wp-content\/uploads\/2023\/05\/08_WR_H_noircoul.png","width":1650,"height":533,"caption":"Web-Recyc"},"image":{"@id":"https:\/\/web-recyc.com\/#\/schema\/logo\/image\/"},"sameAs":["https:\/\/www.facebook.com\/web.recyc"]}]}},"jetpack_sharing_enabled":true,"_links":{"self":[{"href":"https:\/\/web-recyc.com\/en\/wp-json\/wp\/v2\/pages\/81","targetHints":{"allow":["GET"]}}],"collection":[{"href":"https:\/\/web-recyc.com\/en\/wp-json\/wp\/v2\/pages"}],"about":[{"href":"https:\/\/web-recyc.com\/en\/wp-json\/wp\/v2\/types\/page"}],"author":[{"embeddable":true,"href":"https:\/\/web-recyc.com\/en\/wp-json\/wp\/v2\/users\/1"}],"replies":[{"embeddable":true,"href":"https:\/\/web-recyc.com\/en\/wp-json\/wp\/v2\/comments?post=81"}],"version-history":[{"count":92,"href":"https:\/\/web-recyc.com\/en\/wp-json\/wp\/v2\/pages\/81\/revisions"}],"predecessor-version":[{"id":2869,"href":"https:\/\/web-recyc.com\/en\/wp-json\/wp\/v2\/pages\/81\/revisions\/2869"}],"wp:featuredmedia":[{"embeddable":true,"href":"https:\/\/web-recyc.com\/en\/wp-json\/wp\/v2\/media\/529"}],"wp:attachment":[{"href":"https:\/\/web-recyc.com\/en\/wp-json\/wp\/v2\/media?parent=81"}],"curies":[{"name":"wp","href":"https:\/\/api.w.org\/{rel}","templated":true}]}}