{"id":886,"date":"2023-05-27T13:54:34","date_gmt":"2023-05-27T17:54:34","guid":{"rendered":"https:\/\/web-recyc.com\/?page_id=886"},"modified":"2023-07-13T17:56:29","modified_gmt":"2023-07-13T21:56:29","slug":"nettoiement","status":"publish","type":"page","link":"https:\/\/web-recyc.com\/en\/nettoiement\/","title":{"rendered":"Nettoiement de brique"},"content":{"rendered":"<div data-elementor-type=\"wp-page\" data-elementor-id=\"886\" class=\"elementor elementor-886\" data-elementor-post-type=\"page\">\n\t\t\t\t\t\t<section class=\"elementor-section elementor-top-section elementor-element elementor-element-8751cf0 elementor-section-stretched elementor-section-boxed elementor-section-height-default elementor-section-height-default\" data-id=\"8751cf0\" data-element_type=\"section\" data-settings=\"{&quot;stretch_section&quot;:&quot;section-stretched&quot;,&quot;background_background&quot;:&quot;classic&quot;}\">\n\t\t\t\t\t\t<div class=\"elementor-container elementor-column-gap-default\">\n\t\t\t\t\t<div class=\"elementor-column elementor-col-100 elementor-top-column elementor-element elementor-element-ab8cae3\" data-id=\"ab8cae3\" data-element_type=\"column\">\n\t\t\t<div class=\"elementor-widget-wrap elementor-element-populated\">\n\t\t\t\t\t\t<section class=\"elementor-section elementor-inner-section elementor-element elementor-element-bb041fc elementor-section-boxed elementor-section-height-default elementor-section-height-default\" data-id=\"bb041fc\" data-element_type=\"section\">\n\t\t\t\t\t\t<div class=\"elementor-container elementor-column-gap-default\">\n\t\t\t\t\t<div class=\"elementor-column elementor-col-100 elementor-inner-column elementor-element elementor-element-0aa3003\" data-id=\"0aa3003\" data-element_type=\"column\">\n\t\t\t<div class=\"elementor-widget-wrap elementor-element-populated\">\n\t\t\t\t\t\t<div class=\"elementor-element elementor-element-5cd9f3d elementor-widget elementor-widget-heading\" data-id=\"5cd9f3d\" data-element_type=\"widget\" data-widget_type=\"heading.default\">\n\t\t\t\t<div class=\"elementor-widget-container\">\n\t\t\t\t\t<h1 class=\"elementor-heading-title elementor-size-default\">BRICK CLEANING<\/h1>\t\t\t\t<\/div>\n\t\t\t\t<\/div>\n\t\t\t\t<div class=\"elementor-element elementor-element-3fbedad elementor-widget-divider--view-line elementor-widget elementor-widget-divider\" data-id=\"3fbedad\" data-element_type=\"widget\" data-widget_type=\"divider.default\">\n\t\t\t\t<div class=\"elementor-widget-container\">\n\t\t\t\t\t\t\t<div class=\"elementor-divider\">\n\t\t\t<span class=\"elementor-divider-separator\">\n\t\t\t\t\t\t<\/span>\n\t\t<\/div>\n\t\t\t\t\t\t<\/div>\n\t\t\t\t<\/div>\n\t\t\t\t<div class=\"elementor-element elementor-element-4102d84 elementor-widget elementor-widget-text-editor\" data-id=\"4102d84\" data-element_type=\"widget\" data-widget_type=\"text-editor.default\">\n\t\t\t\t<div class=\"elementor-widget-container\">\n\t\t\t\t\t\t\t\t\t<p><span style=\"color: #000000;\">WEB-RECYC is the transactional platform that offers you a turnkey brick cleaning service.<\/span><\/p><p>Thanks to our turnkey service, during your masonry work, you can donate your old bricks while receiveing bricks restored by our company.<\/p><p>Cette proc\u00e9dure vous permettra d&rsquo;\u00e9conomiser du temps et de l&rsquo;argent.<\/p><p>Si vous avez besoin de faire nettoyer vos briques, merci de <a href=\"\/en\/contact\/\">nous contacter<\/a>.<\/p>\t\t\t\t\t\t\t\t<\/div>\n\t\t\t\t<\/div>\n\t\t\t\t<div class=\"elementor-element elementor-element-4697127 elementor-widget elementor-widget-heading\" data-id=\"4697127\" data-element_type=\"widget\" data-widget_type=\"heading.default\">\n\t\t\t\t<div class=\"elementor-widget-container\">\n\t\t\t\t\t<h1 class=\"elementor-heading-title elementor-size-default\">Be part of the solution with<br> WEB-RECYC<\/h1>\t\t\t\t<\/div>\n\t\t\t\t<\/div>\n\t\t\t\t\t<\/div>\n\t\t<\/div>\n\t\t\t\t\t<\/div>\n\t\t<\/section>\n\t\t\t\t<section class=\"elementor-section elementor-inner-section elementor-element elementor-element-d05683a elementor-section-boxed elementor-section-height-default elementor-section-height-default\" data-id=\"d05683a\" data-element_type=\"section\">\n\t\t\t\t\t\t<div class=\"elementor-container elementor-column-gap-default\">\n\t\t\t\t\t<div class=\"elementor-column elementor-col-100 elementor-inner-column elementor-element elementor-element-d155a05\" data-id=\"d155a05\" data-element_type=\"column\">\n\t\t\t<div class=\"elementor-widget-wrap elementor-element-populated\">\n\t\t\t\t\t\t<div class=\"elementor-element elementor-element-403804d elementor-widget elementor-widget-image\" data-id=\"403804d\" data-element_type=\"widget\" data-widget_type=\"image.default\">\n\t\t\t\t<div class=\"elementor-widget-container\">\n\t\t\t\t\t\t\t\t\t\t\t\t\t\t\t<img decoding=\"async\" width=\"150\" height=\"150\" src=\"https:\/\/web-recyc.com\/wp-content\/uploads\/2023\/06\/24_nettoyage_de_brique-150x150.png\" class=\"attachment-thumbnail size-thumbnail wp-image-1030\" alt=\"\" srcset=\"https:\/\/web-recyc.com\/wp-content\/uploads\/2023\/06\/24_nettoyage_de_brique-150x150.png 150w, https:\/\/web-recyc.com\/wp-content\/uploads\/2023\/06\/24_nettoyage_de_brique-300x300.png 300w, https:\/\/web-recyc.com\/wp-content\/uploads\/2023\/06\/24_nettoyage_de_brique-100x100.png 100w\" sizes=\"(max-width: 150px) 100vw, 150px\" \/>\t\t\t\t\t\t\t\t\t\t\t\t\t\t\t<\/div>\n\t\t\t\t<\/div>\n\t\t\t\t\t<\/div>\n\t\t<\/div>\n\t\t\t\t\t<\/div>\n\t\t<\/section>\n\t\t\t\t\t<\/div>\n\t\t<\/div>\n\t\t\t\t\t<\/div>\n\t\t<\/section>\n\t\t\t\t<\/div>","protected":false},"excerpt":{"rendered":"<p>NETTOIEMENT DE BRIQUES WEB-RECYC est la plateforme transactionnelle qui vous offre un service cl\u00e9 en main de nettoiement de briques. Gr\u00e2ce \u00e0 notre service cl\u00e9 en main, lors de vos travaux de ma\u00e7onnerie, vous pouvez faire un don de vos vieilles briques tout en recevant des briques restaur\u00e9es par notre entreprise. Cette proc\u00e9dure vous permettra [&hellip;]<\/p>","protected":false},"author":1,"featured_media":918,"parent":0,"menu_order":0,"comment_status":"closed","ping_status":"closed","template":"","meta":{"ocean_post_layout":"","ocean_both_sidebars_style":"","ocean_both_sidebars_content_width":0,"ocean_both_sidebars_sidebars_width":0,"ocean_sidebar":"0","ocean_second_sidebar":"0","ocean_disable_margins":"enable","ocean_add_body_class":"","ocean_shortcode_before_top_bar":"","ocean_shortcode_after_top_bar":"","ocean_shortcode_before_header":"","ocean_shortcode_after_header":"","ocean_has_shortcode":"","ocean_shortcode_after_title":"","ocean_shortcode_before_footer_widgets":"","ocean_shortcode_after_footer_widgets":"","ocean_shortcode_before_footer_bottom":"","ocean_shortcode_after_footer_bottom":"","ocean_display_top_bar":"default","ocean_display_header":"default","ocean_header_style":"","ocean_center_header_left_menu":"0","ocean_custom_header_template":"0","ocean_custom_logo":0,"ocean_custom_retina_logo":0,"ocean_custom_logo_max_width":0,"ocean_custom_logo_tablet_max_width":0,"ocean_custom_logo_mobile_max_width":0,"ocean_custom_logo_max_height":0,"ocean_custom_logo_tablet_max_height":0,"ocean_custom_logo_mobile_max_height":0,"ocean_header_custom_menu":"0","ocean_menu_typo_font_family":"0","ocean_menu_typo_font_subset":"","ocean_menu_typo_font_size":0,"ocean_menu_typo_font_size_tablet":0,"ocean_menu_typo_font_size_mobile":0,"ocean_menu_typo_font_size_unit":"px","ocean_menu_typo_font_weight":"","ocean_menu_typo_font_weight_tablet":"","ocean_menu_typo_font_weight_mobile":"","ocean_menu_typo_transform":"","ocean_menu_typo_transform_tablet":"","ocean_menu_typo_transform_mobile":"","ocean_menu_typo_line_height":0,"ocean_menu_typo_line_height_tablet":0,"ocean_menu_typo_line_height_mobile":0,"ocean_menu_typo_line_height_unit":"","ocean_menu_typo_spacing":0,"ocean_menu_typo_spacing_tablet":0,"ocean_menu_typo_spacing_mobile":0,"ocean_menu_typo_spacing_unit":"","ocean_menu_link_color":"","ocean_menu_link_color_hover":"","ocean_menu_link_color_active":"","ocean_menu_link_background":"","ocean_menu_link_hover_background":"","ocean_menu_link_active_background":"","ocean_menu_social_links_bg":"","ocean_menu_social_hover_links_bg":"","ocean_menu_social_links_color":"","ocean_menu_social_hover_links_color":"","ocean_disable_title":"default","ocean_disable_heading":"default","ocean_post_title":"","ocean_post_subheading":"","ocean_post_title_style":"","ocean_post_title_background_color":"","ocean_post_title_background":0,"ocean_post_title_bg_image_position":"","ocean_post_title_bg_image_attachment":"","ocean_post_title_bg_image_repeat":"","ocean_post_title_bg_image_size":"","ocean_post_title_height":0,"ocean_post_title_bg_overlay":0.5,"ocean_post_title_bg_overlay_color":"","ocean_disable_breadcrumbs":"default","ocean_breadcrumbs_color":"","ocean_breadcrumbs_separator_color":"","ocean_breadcrumbs_links_color":"","ocean_breadcrumbs_links_hover_color":"","ocean_display_footer_widgets":"default","ocean_display_footer_bottom":"default","ocean_custom_footer_template":"0","footnotes":""},"class_list":["post-886","page","type-page","status-publish","has-post-thumbnail","hentry","entry","has-media","owp-thumbs-layout-horizontal","owp-btn-normal","owp-tabs-layout-horizontal","has-no-thumbnails","has-product-nav"],"yoast_head":"<!-- This site is optimized with the Yoast SEO plugin v24.2 - https:\/\/yoast.com\/wordpress\/plugins\/seo\/ -->\n<title>Nettoiement de briques - Web-Recyc<\/title>\n<meta name=\"description\" content=\"WEB-RECYC est une plateforme transactionnelle qui vous offre un service cl\u00e9 en main pour le nettoiement de briques.\" \/>\n<meta name=\"robots\" content=\"index, follow, max-snippet:-1, max-image-preview:large, max-video-preview:-1\" \/>\n<link rel=\"canonical\" href=\"https:\/\/web-recyc.com\/en\/nettoiement\/\" \/>\n<meta property=\"og:locale\" content=\"en_US\" \/>\n<meta property=\"og:type\" content=\"article\" \/>\n<meta property=\"og:title\" content=\"NETTOIEMENT DE BRIQUES\" \/>\n<meta property=\"og:description\" content=\"WEB-RECYC est une plateforme transactionnelle qui vous offre un service cl\u00e9 en main pour le nettoiement de briques.\" \/>\n<meta property=\"og:url\" content=\"https:\/\/web-recyc.com\/en\/nettoiement\/\" \/>\n<meta property=\"og:site_name\" content=\"Web-Recyc\" \/>\n<meta property=\"article:publisher\" content=\"https:\/\/www.facebook.com\/web.recyc\" \/>\n<meta property=\"article:modified_time\" content=\"2023-07-13T21:56:29+00:00\" \/>\n<meta property=\"og:image\" content=\"https:\/\/web-recyc.com\/wp-content\/uploads\/2023\/05\/03_WR_P_noircoul.png\" \/>\n\t<meta property=\"og:image:width\" content=\"1713\" \/>\n\t<meta property=\"og:image:height\" content=\"808\" \/>\n\t<meta property=\"og:image:type\" content=\"image\/png\" \/>\n<meta name=\"twitter:card\" content=\"summary_large_image\" \/>\n<meta name=\"twitter:title\" content=\"NETTOIEMENT DE BRIQUES\" \/>\n<meta name=\"twitter:description\" content=\"WEB-RECYC est une plateforme transactionnelle qui vous offre un service cl\u00e9 en main pour le nettoiement de briques.\" \/>\n<meta name=\"twitter:image\" content=\"https:\/\/web-recyc.com\/wp-content\/uploads\/2023\/05\/03_WR_P_noircoul.png\" \/>\n<meta name=\"twitter:label1\" content=\"Est. reading time\" \/>\n\t<meta name=\"twitter:data1\" content=\"1 minute\" \/>\n<script type=\"application\/ld+json\" class=\"yoast-schema-graph\">{\"@context\":\"https:\/\/schema.org\",\"@graph\":[{\"@type\":\"WebPage\",\"@id\":\"https:\/\/web-recyc.com\/nettoiement\/\",\"url\":\"https:\/\/web-recyc.com\/nettoiement\/\",\"name\":\"Nettoiement de briques - Web-Recyc\",\"isPartOf\":{\"@id\":\"https:\/\/web-recyc.com\/#website\"},\"primaryImageOfPage\":{\"@id\":\"https:\/\/web-recyc.com\/nettoiement\/#primaryimage\"},\"image\":{\"@id\":\"https:\/\/web-recyc.com\/nettoiement\/#primaryimage\"},\"thumbnailUrl\":\"https:\/\/web-recyc.com\/wp-content\/uploads\/2023\/05\/25_nettoyage_de_brique_pastille-transparent.png\",\"datePublished\":\"2023-05-27T17:54:34+00:00\",\"dateModified\":\"2023-07-13T21:56:29+00:00\",\"description\":\"WEB-RECYC est une plateforme transactionnelle qui vous offre un service cl\u00e9 en main pour le nettoiement de briques.\",\"breadcrumb\":{\"@id\":\"https:\/\/web-recyc.com\/nettoiement\/#breadcrumb\"},\"inLanguage\":\"en-CA\",\"potentialAction\":[{\"@type\":\"ReadAction\",\"target\":[\"https:\/\/web-recyc.com\/nettoiement\/\"]}]},{\"@type\":\"ImageObject\",\"inLanguage\":\"en-CA\",\"@id\":\"https:\/\/web-recyc.com\/nettoiement\/#primaryimage\",\"url\":\"https:\/\/web-recyc.com\/wp-content\/uploads\/2023\/05\/25_nettoyage_de_brique_pastille-transparent.png\",\"contentUrl\":\"https:\/\/web-recyc.com\/wp-content\/uploads\/2023\/05\/25_nettoyage_de_brique_pastille-transparent.png\",\"width\":327,\"height\":327},{\"@type\":\"BreadcrumbList\",\"@id\":\"https:\/\/web-recyc.com\/nettoiement\/#breadcrumb\",\"itemListElement\":[{\"@type\":\"ListItem\",\"position\":1,\"name\":\"Accueil\",\"item\":\"https:\/\/web-recyc.com\/\"},{\"@type\":\"ListItem\",\"position\":2,\"name\":\"Nettoiement de brique\"}]},{\"@type\":\"WebSite\",\"@id\":\"https:\/\/web-recyc.com\/#website\",\"url\":\"https:\/\/web-recyc.com\/\",\"name\":\"Web-Recyc\",\"description\":\"Une brique, un geste, un impact !\",\"publisher\":{\"@id\":\"https:\/\/web-recyc.com\/#organization\"},\"potentialAction\":[{\"@type\":\"SearchAction\",\"target\":{\"@type\":\"EntryPoint\",\"urlTemplate\":\"https:\/\/web-recyc.com\/?s={search_term_string}\"},\"query-input\":{\"@type\":\"PropertyValueSpecification\",\"valueRequired\":true,\"valueName\":\"search_term_string\"}}],\"inLanguage\":\"en-CA\"},{\"@type\":\"Organization\",\"@id\":\"https:\/\/web-recyc.com\/#organization\",\"name\":\"Web-Recyc\",\"url\":\"https:\/\/web-recyc.com\/\",\"logo\":{\"@type\":\"ImageObject\",\"inLanguage\":\"en-CA\",\"@id\":\"https:\/\/web-recyc.com\/#\/schema\/logo\/image\/\",\"url\":\"https:\/\/web-recyc.com\/wp-content\/uploads\/2023\/05\/08_WR_H_noircoul.png\",\"contentUrl\":\"https:\/\/web-recyc.com\/wp-content\/uploads\/2023\/05\/08_WR_H_noircoul.png\",\"width\":1650,\"height\":533,\"caption\":\"Web-Recyc\"},\"image\":{\"@id\":\"https:\/\/web-recyc.com\/#\/schema\/logo\/image\/\"},\"sameAs\":[\"https:\/\/www.facebook.com\/web.recyc\"]}]}<\/script>\n<!-- \/ Yoast SEO plugin. -->","yoast_head_json":{"title":"Nettoiement de briques - Web-Recyc","description":"WEB-RECYC est une plateforme transactionnelle qui vous offre un service cl\u00e9 en main pour le nettoiement de briques.","robots":{"index":"index","follow":"follow","max-snippet":"max-snippet:-1","max-image-preview":"max-image-preview:large","max-video-preview":"max-video-preview:-1"},"canonical":"https:\/\/web-recyc.com\/en\/nettoiement\/","og_locale":"en_US","og_type":"article","og_title":"NETTOIEMENT DE BRIQUES","og_description":"WEB-RECYC est une plateforme transactionnelle qui vous offre un service cl\u00e9 en main pour le nettoiement de briques.","og_url":"https:\/\/web-recyc.com\/en\/nettoiement\/","og_site_name":"Web-Recyc","article_publisher":"https:\/\/www.facebook.com\/web.recyc","article_modified_time":"2023-07-13T21:56:29+00:00","og_image":[{"width":1713,"height":808,"url":"https:\/\/web-recyc.com\/wp-content\/uploads\/2023\/05\/03_WR_P_noircoul.png","type":"image\/png"}],"twitter_card":"summary_large_image","twitter_title":"NETTOIEMENT DE BRIQUES","twitter_description":"WEB-RECYC est une plateforme transactionnelle qui vous offre un service cl\u00e9 en main pour le nettoiement de briques.","twitter_image":"https:\/\/web-recyc.com\/wp-content\/uploads\/2023\/05\/03_WR_P_noircoul.png","twitter_misc":{"Est. reading time":"1 minute"},"schema":{"@context":"https:\/\/schema.org","@graph":[{"@type":"WebPage","@id":"https:\/\/web-recyc.com\/nettoiement\/","url":"https:\/\/web-recyc.com\/nettoiement\/","name":"Nettoiement de briques - Web-Recyc","isPartOf":{"@id":"https:\/\/web-recyc.com\/#website"},"primaryImageOfPage":{"@id":"https:\/\/web-recyc.com\/nettoiement\/#primaryimage"},"image":{"@id":"https:\/\/web-recyc.com\/nettoiement\/#primaryimage"},"thumbnailUrl":"https:\/\/web-recyc.com\/wp-content\/uploads\/2023\/05\/25_nettoyage_de_brique_pastille-transparent.png","datePublished":"2023-05-27T17:54:34+00:00","dateModified":"2023-07-13T21:56:29+00:00","description":"WEB-RECYC est une plateforme transactionnelle qui vous offre un service cl\u00e9 en main pour le nettoiement de briques.","breadcrumb":{"@id":"https:\/\/web-recyc.com\/nettoiement\/#breadcrumb"},"inLanguage":"en-CA","potentialAction":[{"@type":"ReadAction","target":["https:\/\/web-recyc.com\/nettoiement\/"]}]},{"@type":"ImageObject","inLanguage":"en-CA","@id":"https:\/\/web-recyc.com\/nettoiement\/#primaryimage","url":"https:\/\/web-recyc.com\/wp-content\/uploads\/2023\/05\/25_nettoyage_de_brique_pastille-transparent.png","contentUrl":"https:\/\/web-recyc.com\/wp-content\/uploads\/2023\/05\/25_nettoyage_de_brique_pastille-transparent.png","width":327,"height":327},{"@type":"BreadcrumbList","@id":"https:\/\/web-recyc.com\/nettoiement\/#breadcrumb","itemListElement":[{"@type":"ListItem","position":1,"name":"Accueil","item":"https:\/\/web-recyc.com\/"},{"@type":"ListItem","position":2,"name":"Nettoiement de brique"}]},{"@type":"WebSite","@id":"https:\/\/web-recyc.com\/#website","url":"https:\/\/web-recyc.com\/","name":"Web-Recyc","description":"Une brique, un geste, un impact !","publisher":{"@id":"https:\/\/web-recyc.com\/#organization"},"potentialAction":[{"@type":"SearchAction","target":{"@type":"EntryPoint","urlTemplate":"https:\/\/web-recyc.com\/?s={search_term_string}"},"query-input":{"@type":"PropertyValueSpecification","valueRequired":true,"valueName":"search_term_string"}}],"inLanguage":"en-CA"},{"@type":"Organization","@id":"https:\/\/web-recyc.com\/#organization","name":"Web-Recyc","url":"https:\/\/web-recyc.com\/","logo":{"@type":"ImageObject","inLanguage":"en-CA","@id":"https:\/\/web-recyc.com\/#\/schema\/logo\/image\/","url":"https:\/\/web-recyc.com\/wp-content\/uploads\/2023\/05\/08_WR_H_noircoul.png","contentUrl":"https:\/\/web-recyc.com\/wp-content\/uploads\/2023\/05\/08_WR_H_noircoul.png","width":1650,"height":533,"caption":"Web-Recyc"},"image":{"@id":"https:\/\/web-recyc.com\/#\/schema\/logo\/image\/"},"sameAs":["https:\/\/www.facebook.com\/web.recyc"]}]}},"jetpack_sharing_enabled":true,"_links":{"self":[{"href":"https:\/\/web-recyc.com\/en\/wp-json\/wp\/v2\/pages\/886","targetHints":{"allow":["GET"]}}],"collection":[{"href":"https:\/\/web-recyc.com\/en\/wp-json\/wp\/v2\/pages"}],"about":[{"href":"https:\/\/web-recyc.com\/en\/wp-json\/wp\/v2\/types\/page"}],"author":[{"embeddable":true,"href":"https:\/\/web-recyc.com\/en\/wp-json\/wp\/v2\/users\/1"}],"replies":[{"embeddable":true,"href":"https:\/\/web-recyc.com\/en\/wp-json\/wp\/v2\/comments?post=886"}],"version-history":[{"count":48,"href":"https:\/\/web-recyc.com\/en\/wp-json\/wp\/v2\/pages\/886\/revisions"}],"predecessor-version":[{"id":2729,"href":"https:\/\/web-recyc.com\/en\/wp-json\/wp\/v2\/pages\/886\/revisions\/2729"}],"wp:featuredmedia":[{"embeddable":true,"href":"https:\/\/web-recyc.com\/en\/wp-json\/wp\/v2\/media\/918"}],"wp:attachment":[{"href":"https:\/\/web-recyc.com\/en\/wp-json\/wp\/v2\/media?parent=886"}],"curies":[{"name":"wp","href":"https:\/\/api.w.org\/{rel}","templated":true}]}}